{"id":155,"date":"2022-12-15T18:59:04","date_gmt":"2022-12-15T17:59:04","guid":{"rendered":"https:\/\/consshanghai.esteri.it\/?page_id=155"},"modified":"2024-02-12T10:56:01","modified_gmt":"2024-02-12T02:56:01","slug":"fare-affari-in-cina","status":"publish","type":"page","link":"https:\/\/consshanghai.esteri.it\/it\/italia-e-repubblica-popolare-cinese\/diplomazia-economica\/fare-affari-in-cina\/","title":{"rendered":"Fare affari in Cina"},"content":{"rendered":"<p style=\"text-align: justify;\">Si raccomanda di consultare la scheda dedicata al Paese sul sito <a href=\"http:\/\/www.infomercatiesteri.it\/paese.php?id_paesi=122#slider-1\"><strong><em>Infomercati Esteri<\/em><\/strong><\/a>.<\/p>\n<p style=\"text-align: justify;\">Per informazioni generali sul mercato cinese, sulla normativa locale (ivi inclusi adempimenti fiscali, elementi di diritto del lavoro e societario), si raccomanda di consultare:<\/p>\n<ul style=\"text-align: justify;\">\n<li>In italiano,\u00a0 il\u00a0<a href=\"https:\/\/www.ice.it\/it\/mercati\/cina-rp-include-hong-kong-e-macao\/pechino-ufficio-di-coordinamento-la-repubblica-popolare\"><strong>sito dell\u2019ICE<\/strong><\/a><\/li>\n<li>In inglese, il sito del\u00a0<a href=\"https:\/\/www.eusmecentre.org.cn\/\"><strong>Centro europeo per le PMI \u2013 EU SME Centre<\/strong><\/a><\/li>\n<\/ul>\n<p style=\"text-align: justify;\"><a href=\"https:\/\/ambpechino.esteri.it\/wp-content\/uploads\/2023\/03\/20230217-CONOSCERE-I-PROPRI-PARTNER-E-RIDURRE-IL-RISCHIO-DI-TRUFFE-NEL-COMMERCIO-CON-LA-CINA.pdf\"><strong>Avviso segnalazioni frodi e truffe via internet<\/strong><\/a><\/p>\n<p style=\"text-align: justify;\"><strong>Guide ed informazioni utili per la protezione della propriet\u00e0 intellettuale in Cina.<\/strong><br \/>\nConsulta:\u00a0<a href=\"https:\/\/intellectual-property-helpdesk.ec.europa.eu\/regional-helpdesks\/china-ipr-sme-helpdesk_en\">https:\/\/intellectual-property-helpdesk.ec.europa.eu\/regional-helpdesks\/china-ipr-sme-helpdesk_en<\/a><\/p>\n<p style=\"text-align: justify;\"><strong>\u00a0<\/strong><\/p>\n<p style=\"text-align: justify;\"><a href=\"https:\/\/ambpechino.esteri.it\/it\/italia-e-cina\/diplomazia-economica\/fare-affari-in-cina\/studi-legali\/\"><strong>Studi di consulenza legale, fiscale e di accesso al mercato<\/strong><\/a><\/p>\n<p>&nbsp;<\/p>\n<hr \/>\n<p>&nbsp;<\/p>\n<p style=\"text-align: justify;\"><a href=\"https:\/\/www.ice.it\/it\/mercati\/cina-rp-include-hong-kong-e-macao\/shanghai\"><strong>ICE Shanghai<\/strong><\/a><\/p>\n<p style=\"text-align: justify;\"><strong>Direttore<\/strong>: Augusto Di Giacinto<\/p>\n<p style=\"text-align: justify;\">L\u2019ufficio di Shanghai fornisce servizi di assistenza ed informazione per le province della Cina orientale: Anhui, Jiangsu, Zhejiang, oltre alla municipalit\u00e0 di Shanghai.<\/p>\n<p style=\"text-align: justify;\"><strong>Indirizzo<\/strong>: Room 1901-1906, 1911B THE CENTER 989, CHANGLE RD, 200031 Shanghai, P.R.C.<\/p>\n<p style=\"text-align: justify;\"><strong>Telefono<\/strong>: (008621) 62488600\/54075050<\/p>\n<p style=\"text-align: justify;\"><strong>Fax<\/strong>: (008621) 62482169<\/p>\n<p style=\"text-align: justify;\"><strong>E-mail<\/strong>:\u00a0<a href=\"mailto:shanghai@ice.it\">shanghai@ice.it<\/a><\/p>\n<p style=\"text-align: justify;\"><strong>Orario di apertura al pubblico<\/strong>: Lunedi\u2019 \u2013 Venerdi: 9.00 \u2013 18.00<\/p>\n<p>&nbsp;<\/p>\n<p style=\"text-align: justify;\">L\u2019ICE-Agenzia per la promozione all\u2019estero e l\u2019internazionalizzazione delle imprese italiane \u00e8 l\u2019organismo attraverso cui il Governo favorisce il consolidamento e lo sviluppo economico-commerciale delle nostre imprese sui mercati esteri. Agisce, inoltre, quale soggetto incaricato di promuovere l\u2019attrazione degli investimenti esteri in Italia.<\/p>\n<p style=\"text-align: justify;\">Con una organizzazione dinamica motivata e moderna e una diffusa rete di uffici all\u2019estero, l\u2019ICE svolge attivit\u00e0 di informazione, assistenza, consulenza, promozione e formazione alle piccole e medie imprese italiane.<\/p>\n<p style=\"text-align: justify;\">Grazie all\u2019utilizzo dei pi\u00f9 moderni strumenti di promozione e di comunicazione multicanale, agisce per affermare le eccellenze del Made in Italy nel mondo.<\/p>\n<p style=\"text-align: justify;\">L\u2019ICE fornisce un&#8217;ampia gamma di servizi all&#8217;estero che aiutano le imprese italiane e straniere a entrare in contatto tra loro: identificazione di possibili partner commerciali; incontri B2B con aziende italiane, visite di delegazioni commerciali in Italia; partecipazione ufficiale a fiere e mostre locali; forum e seminari con esperti italiani.<\/p>\n<p>&nbsp;<\/p>\n<hr \/>\n<p>&nbsp;<\/p>\n<p style=\"text-align: justify;\"><strong>Frodi e Truffe<\/strong><\/p>\n<p style=\"text-align: justify;\">L\u2019Ufficio Commerciale si \u00e8 occupato direttamente o \u00e8 venuto a conoscenza nei contatti con altri Consolati di frodi e truffe ai danni di aziende italiane ed europee. Si tratta, spesso, di normali incidenti di percorso in cui si pu\u00f2 incappare svolgendo un\u2019attivit\u00e0 commerciale in paesi lontani e possono essere evitati attraverso piccoli accorgimenti. Si ritiene utile, pertanto, fornire qualche esempio.<br \/>\nNegli ultimi anni la diffusione di Internet ha portato anche ad un aumento di piccole truffe. Si raccomanda la massima prudenza negli acquisti via internet: spesso i prodotti ordinati e pagati mezzo TT o mezzi simili di bonifico diretto, non vengono spediti o non corrispondono a quelli che appaiono sul sito. In alcuni casi si \u00e8 verificato che la pagina web della societ\u00e0 truffatrice spesso scompare dopo breve tempo, magari riapparendo subito dopo con altri riferimenti. Pertanto, si sconsiglia vivamente di effettuare pagamenti anticipati.<\/p>\n<p style=\"text-align: justify;\">Trattandosi in genere di cifre inferiori ai mille euro \u00e8 inoltre estremamente difficile procedere ad un recupero per la complessit\u00e0 ed i costi di un\u2019azione legale. Le stesse autorit\u00e0 locali, d\u2019altro canto, possono rifiutarsi di intervenire in assenza di un\u2019azione legale di fronte ad una corte cinese.<br \/>\nUn\u2019altra truffa che pu\u00f2 avere effetti costosi e pericolosi, di cui sono state vittime numerose imprese europee, consiste nella richiesta di un\u2019offerta dettagliata (ad es. per macchine od impianti) fatta da una societ\u00e0 cinese ad una societ\u00e0 straniera. La trattativa di solito si svolge via internet e si caratterizza per la sua facilit\u00e0, rapidit\u00e0 e dettaglio nelle richieste. In genere, i prezzi quotati non vengono discussi a fondo e le richieste di acquisto da parte cinese sono sempre assai ingenti per attirare l\u2019interesse del venditore. Seguono poi richieste di invio di denaro per pagare spese procedurali od addirittura un invito a firmare il contratto in Cina. Non tutti si insospettiscono e quindi accettano di buon grado di partire per la Cina sostenendo le spese di viaggio e soggiorno, attirati dalla possibilit\u00e0 della firma di un contratto vantaggioso. Una volta sul posto, ci sono varie possibilit\u00e0: l\u2019incontro con la controparte si svolge in una localit\u00e0 isolata, al cospetto di centinaia di maestranze, oppure in uffici affittati solo per l\u2019occasione. Il contratto viene firmato ma accompagnato dalla richiesta di alcune migliaia di euro, giustificati come \u201cspese straordinarie per le pratiche doganali\u201d o \u201clicenza speciale d\u2019importazione\u201d o, ancora, \u201cspese per i banchetti per migliorare le relazioni con la burocrazia locale\u201d o altro. Purtroppo, lontani da citt\u00e0 importanti e nella impossibilit\u00e0 di esprimersi in cinese, a volte intimoriti dalla situazione, si finisce per consegnare quanto in proprio possesso per allontanarsi al pi\u00f9 presto. Molti non denunciano il caso, altri non hanno elementi precisi non sapendo indicare n\u00e9 la localit\u00e0 n\u00e9 la vera identit\u00e0 dei truffatori. Va raccomandata, dunque, la massima prudenza, e prima di proseguire nelle trattative, \u00e8 vivamente consigliato di assumere informazioni sulla controparte tramite l\u2019ICE, la propria banca di fiducia o consulenti specializzati. Pu\u00f2 essere utile anche rivolgersi alla propria associazione di categoria in Italia che pu\u00f2 avere esperienze precendenti.<\/p>\n<p style=\"text-align: justify;\"><strong>Pericoli in caso di contenziosi commerciali<\/strong><\/p>\n<p style=\"text-align: justify;\">I contenziosi commerciali vanno normalmente affrontati, come in tutti i paesi, attraverso tentativi di conciliazione, transazione o azioni legali (\u00e8 in tal caso consigliabile appoggiarsi a studi specializzati; vi sono nella circoscrizione diversi consulenti e studi legali italiani che operano anche con partner cinesi).<br \/>\nPoco noto \u00e8 il fatto che in Cina un litigio commerciale pu\u00f2 avere conseguenze molto serie ed addirittura penali. Inoltre, la legge cinese prevede che, a seguito di citazione in giudizio e denuncia, l\u2019autorit\u00e0 giudiziaria possa imporre il divieto di lasciare il paese al cittadino straniero coinvolto nel contenzioso, sino a che questo non sia risolto. In tal caso, l\u2019operatore italiano pu\u00f2 trovarsi nella difficile situazione di:<\/p>\n<ul style=\"text-align: justify;\">\n<li>rimanere \u201cbloccato\u201d in Cina per lunghi periodi,<\/li>\n<li>non poter rientrare in Italia per seguire i propri affari,<\/li>\n<li>dover affrontare spese impreviste di un lungo soggiorno,<\/li>\n<li>essere maggiormente soggetto alle pressioni della controparte.<\/li>\n<\/ul>\n<p style=\"text-align: justify;\">Si consiglia, pertanto, a tutti gli operatori che hanno un contenzioso per il quale si prospetta una situazione del genere, di informarne subito il Consolato Generale (l\u2019Ufficio Commerciale o l\u2019Ufficio Consolare).<\/p>\n<p style=\"text-align: justify;\">\n<p style=\"text-align: justify;\"><strong>Zone di sviluppo economico preferenziale<\/strong><\/p>\n<p style=\"text-align: justify;\">Ogni citt\u00e0 ha un proprio ufficio per la promozione degli investimenti, per cui \u00e8 sempre consigliabile confrontare costi e benefici tra una localit\u00e0 e l\u2019altra.<br \/>\nL\u2019Ufficio Economico e Commerciale \u00e8 in grado di fornire alcuni contatti degli uffici delle singole citt\u00e0.<\/p>\n<p style=\"text-align: justify;\"><strong>\u00a0<\/strong><\/p>\n<p style=\"text-align: justify;\"><strong>Questioni doganali<\/strong><br \/>\nPer informazioni relativa all\u2019ingresso di merci tramite la Dogana di Shanghai e in altre localit\u00e0 della circoscrizione si pu\u00f2 fare riferimento al <a href=\"http:\/\/shanghai.customs.gov.cn\/\">relativo sito web dell\u2019autorit\u00e0 doganale<\/a>.<\/p>\n<p style=\"text-align: justify;\"><strong>Opere d\u2019arte<\/strong><br \/>\nPer assicurare il regolare sdoganamento delle opere d\u2019arte importate ed esportate tramite Shanghai, \u00e8 opportuno che :<\/p>\n<ol style=\"text-align: justify;\">\n<li>Le aziende rispettino le leggi e le norme doganali sulle quali possono raccogliere le relative informazioni contattando direttamente la Dogana, all\u2019occorrenza con il supporto di questo Consolato Generale.<\/li>\n<li>Le aziende contattino gli uffici della Dogana e della AQSIQ nel caso di emergenza o di difficolt\u00e0, tenendo informato questo Consolato Generale.<\/li>\n<li>\u00c8 necessario che le aziende considerino il tempo complessivo necessario per svolgere ordinatamente le procedure di sdoganamento relative alle opere d\u2019arte in quanto sono numerosi gli uffici coinvolti per parte cinese (es. la Dogana, l\u2019AQSIQ, gli uffici portuali ecc.). \u00c8 da considerare un tempo non inferiore ai 20 giorni.<\/li>\n<\/ol>\n<p style=\"text-align: justify;\"><strong>Importazioni di prodotti alimentari e vini<\/strong><\/p>\n<p style=\"text-align: justify;\">\u00c8 indispensabile rivolgersi a buoni spedizionieri in quanto le dogane cinesi applicano con sever\u00e0 le norme: la materia \u00e8 complessa ma pu\u00f2 essere utile ricordare che tutti i prodotti alimentari, anche i vini, per essere introdotti in Cina devono avere un\u2019etichetta in lingua cinese dove sono contenute le informazioni sul prodotto e dove \u2013 tale requisito \u00e8 indispensabile &#8211; appaia il nome ed il telefono dell\u2019importatore. Nel caso di fiere e manifestazioni i prodotti possono essere importati seguendo una procedura semplificata.<br \/>\nA causa della necessit\u00e0 di prevenire malattie infettive possono essere temporaneamente imposti divieti di importare alcuni prodotti.<br \/>\nIn generale, se la merce non ha i requisiti previsti dalle normativa in vigore ne viene vietato l\u2019ingresso e l\u2019intervento dell\u2019Ufficio Commerciale non pu\u00f2 purtroppo modificare la situazione. Pertanto, \u00e8 indispensabile informarsi preventivamente, attraverso il proprio spedizioniere, su quali siano le norme da seguire per evitare spese inutili e la perdita della merce.<\/p>\n<p style=\"text-align: justify;\"><strong>Omologazione di motoveicoli provenienti dalla Cina<\/strong><\/p>\n<p style=\"text-align: justify;\">Si consiglia di informarsi preventivamente presso gli uffici della Motorizzazione Civile in Italia. In ogni caso occorre provvedere alla legalizzazione della documentazione rilasciata dalla casa madre. Per la legalizzazione di documenti in lingua cinese <a href=\"https:\/\/consshanghai.esteri.it\/it\/servizi-consolari-e-visti\/servizi-per-il-cittadino-italiano\/traduzione-e-legalizzazione-dei-documenti\/\">si consulti la pagina dedicata di questo sito<\/a>.<\/p>\n","protected":false},"excerpt":{"rendered":"Si raccomanda di consultare la scheda dedicata al Paese sul sito Infomercati Esteri. Per informazioni generali sul mercato cinese, sulla normativa locale (ivi inclusi adempimenti fiscali, elementi di diritto del lavoro e societario), si raccomanda di consultare: In italiano,\u00a0 il\u00a0sito dell\u2019ICE In inglese, il sito del\u00a0Centro europeo per le PMI \u2013 EU SME Centre Avviso [&hellip;]","protected":false},"author":3,"featured_media":0,"parent":100,"menu_order":0,"comment_status":"closed","ping_status":"closed","template":"","meta":{"footnotes":""},"class_list":["post-155","page","type-page","status-publish","hentry"],"_links":{"self":[{"href":"https:\/\/consshanghai.esteri.it\/it\/wp-json\/wp\/v2\/pages\/155","targetHints":{"allow":["GET"]}}],"collection":[{"href":"https:\/\/consshanghai.esteri.it\/it\/wp-json\/wp\/v2\/pages"}],"about":[{"href":"https:\/\/consshanghai.esteri.it\/it\/wp-json\/wp\/v2\/types\/page"}],"author":[{"embeddable":true,"href":"https:\/\/consshanghai.esteri.it\/it\/wp-json\/wp\/v2\/users\/3"}],"replies":[{"embeddable":true,"href":"https:\/\/consshanghai.esteri.it\/it\/wp-json\/wp\/v2\/comments?post=155"}],"version-history":[{"count":6,"href":"https:\/\/consshanghai.esteri.it\/it\/wp-json\/wp\/v2\/pages\/155\/revisions"}],"predecessor-version":[{"id":1973,"href":"https:\/\/consshanghai.esteri.it\/it\/wp-json\/wp\/v2\/pages\/155\/revisions\/1973"}],"up":[{"embeddable":true,"href":"https:\/\/consshanghai.esteri.it\/it\/wp-json\/wp\/v2\/pages\/100"}],"wp:attachment":[{"href":"https:\/\/consshanghai.esteri.it\/it\/wp-json\/wp\/v2\/media?parent=155"}],"curies":[{"name":"wp","href":"https:\/\/api.w.org\/{rel}","templated":true}]}}