{"id":179,"date":"2022-12-15T19:43:57","date_gmt":"2022-12-15T18:43:57","guid":{"rendered":"https:\/\/consshanghai.esteri.it\/?page_id=179"},"modified":"2024-06-28T09:56:26","modified_gmt":"2024-06-28T01:56:26","slug":"autoveicoli-e-patenti-di-guida","status":"publish","type":"page","link":"https:\/\/consshanghai.esteri.it\/it\/servizi-consolari-e-visti\/servizi-per-il-cittadino-italiano\/autoveicoli-e-patenti-di-guida\/","title":{"rendered":"Autoveicoli e Patenti di guida"},"content":{"rendered":"<p style=\"text-align: justify;\"><strong>CONVALIDA DELLA PATENTE DI GUIDA<\/strong><\/p>\n<p style=\"text-align: justify;\">La patente italiana, in scadenza o scaduta,\u00a0<strong>non pu\u00f2 essere rinnovata all&#8217;estero<\/strong>\u00a0e <span style=\"text-decoration: underline;\"><strong>deve necessariamente essere sostituita con una<\/strong>\u00a0<strong>nuova in Italia<\/strong><\/span>. Nel caso di patenti in prossimit\u00e0 di scadenza (4 mesi) o scadute da non pi\u00f9 di 5 anni, <span style=\"text-decoration: underline;\"><strong>il Consolato pu\u00f2 rilasciare un\u00a0certificato di\u00a0convalida, che serve solo a mantenere la patente in vita finch\u00e9 il titolare non si rechi in Italia per richiederne una nuova<\/strong><\/span>.<\/p>\n<p>&nbsp;<\/p>\n<p style=\"text-align: justify;\"><strong>Chi pu\u00f2 farne richiesta.<\/strong><\/p>\n<p style=\"text-align: justify;\">Il servizio \u00e8 riservato agli\u00a0<strong>iscritti AIRE<\/strong>\u00a0e a\u00a0<strong>coloro che possono comprovare la propria residenza in Cina da almeno 6 mesi<\/strong>.<\/p>\n<p style=\"text-align: justify;\">Ai sensi della Legge 470\/1988, qualora un cittadino abbia spostato la propria stabile dimora nella nostra circoscrizione, corre l\u2019obbligo di ottemperare alla registrazione AIRE. Eventuali elementi forniti allo scrivente a corredo dei servizi consolari richiesti che comprovassero un aggiornamento dei dati di stato civile o anagrafici dovranno essere obbligatoriamente trasmessi al suo Comune per i tramiti di questo Ufficio.<\/p>\n<p>&nbsp;<\/p>\n<p style=\"text-align: justify;\"><strong>La documentazione necessaria.<\/strong><\/p>\n<p style=\"text-align: justify;\">Per richiedere la convalida in Consolato \u00e8 necessario avere con s\u00e9:<\/p>\n<ol style=\"text-align: justify;\">\n<li>certificato medico (v. sotto);<\/li>\n<li>domanda di rinnovo della patente debitamente compilata (da richiedere all&#8217;ufficio consolare tramite email);<\/li>\n<li>patente di guida da rinnovare e una fotocopia della stessa.<\/li>\n<\/ol>\n<p>&nbsp;<\/p>\n<p style=\"text-align: justify;\"><strong>Come ottenere il certificato medico.<\/strong><\/p>\n<p style=\"text-align: justify;\">Per ottenere la necessaria certificazione sanitaria bisogna sottoporsi a visita medica da effettuarsi presso il seguente Istituto:<\/p>\n<table class=\"table\">\n<tbody>\n<tr>\n<td>SHANGHAI FIRST PEOPLE&#8217;S HOSPITAL INTERNATIONAL MEDICAL CENTER<\/p>\n<p>\u4e0a\u6d77\u5e02\u7b2c\u4e00\u4eba\u6c11\u533b\u9662\u56fd\u9645\u533b\u7597\u4fdd\u5065\u4e2d\u5fc3<\/td>\n<td>New Building, 86 Wujin Lu, Hongkou Dist., Shanghai<\/p>\n<p>\u4e0a\u6d77\u5e02\u8679\u53e3\u533a\u6b66\u8fdb\u8def86\u53f7\u65b0\u5927\u697c<\/p>\n<p>Si segnala che occorre prendere appuntamento con l&#8217;Ospedale al seguente numero:\u00a0<strong>021 6324 3852<\/strong><\/td>\n<\/tr>\n<\/tbody>\n<\/table>\n<p>&nbsp;<\/p>\n<p style=\"text-align: justify;\">Il giorno della visita occorre presentarsi all&#8217;ospedale muniti di:<\/p>\n<ol style=\"text-align: justify;\">\n<li>modello del certificato medico bilingue (italiano-cinese) in bianco, che verr\u00e0 compilato dal medico (da richiedere all&#8217;ufficio consolare tramite email). Si segnala l&#8217;utilit\u00e0 di stampare entrambe le pagine, possibilmente su un unico foglio;<\/li>\n<li>n.1 fototessera che andr\u00e0 apposta dal medico su detto certificato nello spazio all&#8217;uopo riservato, nella prima facciata, in alto a destra;<\/li>\n<li>documento di riconoscimento (preferibilmente passaporto con visto), i cui estremi andranno riportati sul certificato medico di cui al punto 1.<\/li>\n<\/ol>\n<p style=\"text-align: justify;\"><strong>Si suggerisce di prestare particolare attenzione alla completezza e correttezza dei dati anagrafici riportati sul certificato medico.<\/strong><\/p>\n<p>&nbsp;<\/p>\n<p style=\"text-align: justify;\"><strong>Prendere appuntamento per ottenere il certificato di convalida.<\/strong><\/p>\n<p style=\"text-align: justify;\">Una volta in possesso di tutta la documentazione necessaria, \u00e8 necessario prendere appuntamento con l\u2019Ufficio Consolare di questo Consolato Generale, scrivendo a:<\/p>\n<p style=\"text-align: justify;\">\u27a1 <a href=\"mailto:shanghai.passaporti@esteri.it\">shanghai.passaporti@esteri.it<\/a><\/p>\n<p>&nbsp;<\/p>\n<p style=\"text-align: justify;\"><strong>IL PERMESSO INTERNAZIONALE DI GUIDA (cd. Patente internazionale)<\/strong><\/p>\n<p style=\"text-align: justify;\">Il permesso internazionale di guida viene rilasciato unicamente dalla Motorizzazione civile competente per il Comune nelle cui liste AIRE un cittadino \u00e8 iscritto. Per maggiori informazioni consultare la pagina dedicata <a href=\"https:\/\/www.mit.gov.it\/permesso-internazionale-di-guida\">Permesso internazionale di guida<\/a> sul sito del Ministero delle Infrastrutture e dei Trasporti.<\/p>\n<p style=\"text-align: justify;\"><strong>IMPORTANTE<\/strong><\/p>\n<ul>\n<li style=\"text-align: justify;\">La convalida \u00e8 rilasciata ai sensi e nei limiti di quanto previsto dall\u2019articolo 126 del Decreto Legislativo n. 285\/1992 e ss.mm.ii. (\u201c<a href=\"https:\/\/www.aci.it\/i-servizi\/normative\/codice-della-strada.html\">Codice della Strada<\/a>\u201d).<\/li>\n<li style=\"text-align: justify;\">Quando la patente \u00e8 scaduta da pi\u00f9 di 5 anni, non pu\u00f2 pi\u00f9 essere rilasciata alcuna convalida e il titolare deve recarsi in Italia per sostenere un nuovo esame di guida.<\/li>\n<li style=\"text-align: justify;\">Si ribadisce che la convalida non equivale ad una nuova patente. Il rilascio di una nuova patente, anche in caso di furto\/smarrimento\/deterioramento, potr\u00e0 essere richiesto solo agli uffici della propria Motorizzazione Civile in base al proprio Comune di residenza (anagrafica o AIRE).<\/li>\n<li style=\"text-align: justify;\">Sar\u00e0 necessario conservare sempre l&#8217;attestazione unita alla patente di guida e in particolare esibirla per effettuare la visita medica per la conferma di validit\u00e0 in Italia, al fine di provare, al medico accertatore, l&#8217;avvenuto rinnovo all&#8217;estero e quindi di dimostrare l&#8217;assenza di periodi di mancato esercizio alla guida.<\/li>\n<li style=\"text-align: justify;\">Si ricorda anche che chi \u00e8 in possesso della convalida consolare ha l&#8217;obbligo, entro sei mesi dalla riacquisizione della residenza in Italia, di rinnovare la patente stessa secondo la procedura ordinaria prevista al comma 8 dell&#8217;art. 126 del Codice della strada, quindi anche nel caso in cui il rinnovo fatto presso il Consolato italiano sia ancora valido.<\/li>\n<li style=\"text-align: justify;\"><strong>Per ulteriori informazioni su Autoveicoli e Patenti di Guida all&#8217;estero consultare la<\/strong> <a href=\"https:\/\/www.esteri.it\/it\/servizi-consolari-e-visti\/italiani-all-estero\/autoveicoli_e_patenti\/patenteguida\/\"><strong>pagina dedicata<\/strong><\/a>\u00a0<strong>del Ministero degli Esteri e della Cooperazione Internazionale.<\/strong><\/li>\n<\/ul>\n","protected":false},"excerpt":{"rendered":"CONVALIDA DELLA PATENTE DI GUIDA La patente italiana, in scadenza o scaduta,\u00a0non pu\u00f2 essere rinnovata all&#8217;estero\u00a0e deve necessariamente essere sostituita con una\u00a0nuova in Italia. Nel caso di patenti in prossimit\u00e0 di scadenza (4 mesi) o scadute da non pi\u00f9 di 5 anni, il Consolato pu\u00f2 rilasciare un\u00a0certificato di\u00a0convalida, che serve solo a mantenere la patente [&hellip;]","protected":false},"author":3,"featured_media":0,"parent":102,"menu_order":6,"comment_status":"closed","ping_status":"closed","template":"","meta":{"footnotes":""},"class_list":["post-179","page","type-page","status-publish","hentry"],"_links":{"self":[{"href":"https:\/\/consshanghai.esteri.it\/it\/wp-json\/wp\/v2\/pages\/179","targetHints":{"allow":["GET"]}}],"collection":[{"href":"https:\/\/consshanghai.esteri.it\/it\/wp-json\/wp\/v2\/pages"}],"about":[{"href":"https:\/\/consshanghai.esteri.it\/it\/wp-json\/wp\/v2\/types\/page"}],"author":[{"embeddable":true,"href":"https:\/\/consshanghai.esteri.it\/it\/wp-json\/wp\/v2\/users\/3"}],"replies":[{"embeddable":true,"href":"https:\/\/consshanghai.esteri.it\/it\/wp-json\/wp\/v2\/comments?post=179"}],"version-history":[{"count":8,"href":"https:\/\/consshanghai.esteri.it\/it\/wp-json\/wp\/v2\/pages\/179\/revisions"}],"predecessor-version":[{"id":2809,"href":"https:\/\/consshanghai.esteri.it\/it\/wp-json\/wp\/v2\/pages\/179\/revisions\/2809"}],"up":[{"embeddable":true,"href":"https:\/\/consshanghai.esteri.it\/it\/wp-json\/wp\/v2\/pages\/102"}],"wp:attachment":[{"href":"https:\/\/consshanghai.esteri.it\/it\/wp-json\/wp\/v2\/media?parent=179"}],"curies":[{"name":"wp","href":"https:\/\/api.w.org\/{rel}","templated":true}]}}