{"id":2435,"date":"2024-05-29T13:24:16","date_gmt":"2024-05-29T05:24:16","guid":{"rendered":"https:\/\/consshanghai.esteri.it\/?page_id=2435"},"modified":"2024-07-24T16:28:45","modified_gmt":"2024-07-24T08:28:45","slug":"dichiarazioni-di-valore","status":"publish","type":"page","link":"https:\/\/consshanghai.esteri.it\/it\/servizi-consolari-e-visti\/servizi-per-il-cittadino-straniero\/studiare-in-italia\/dichiarazioni-di-valore\/","title":{"rendered":"Dichiarazioni di valore"},"content":{"rendered":"<p>La Dichiarazione di Valore (D.V. o DoV) \u00e8 un documento di tipo informativo che viene rilasciato a titolo gratuito dagli Uffici Consolari e che descrive il titolo di studio a cui \u00e8 riferita nell\u2019ordinamento locale.<\/p>\n<p>Per l\u2019immatricolazione degli studenti stranieri le Universit\u00e0 prediligono solitamente i certificati di comparazione del CIMEA (si richiedono facilmente online al sito <a href=\"https:\/\/cimea-diplome.it\/\">https:\/\/cimea-diplome.it<\/a>), alternativamente \u00e8 possibile, qualora richiesto dall\u2019ateneo, presentare la Dichiarazione di Valore in Loco emessa dal Consolato.<\/p>\n<p>Gli studenti cinesi potrebbero essere immatricolati non solo grazie ai certificati del CIMEA ma anche con il riconoscimento diretto del titolo da parte delle Universit\u00e0 (vedi Legge n.54 del 4\/4\/2016), per ulteriori informazioni si sar\u00e0 grati di prendere visione del portale <a href=\"https:\/\/universitaly-private.cineca.it\/uploads\/universitaly-pubblico\/Allegato_1-Circolare_2024_2025-Titoli_di_studio_esteri_validi_per_accesso_alle_istit_formazione_superiore_rev26_02_24.pdf\">Universitaly<\/a> o di rivolgersi alle Segreterie delle singole Universit\u00e0.<\/p>\n<p>&nbsp;<\/p>\n<p><strong>Informazioni generali<\/strong><\/p>\n<ul>\n<li>Il Consolato Generale d\u2019Italia in Shanghai rilascia la D.V. esclusivamente per i titoli di studio conseguiti presso istituzioni scolastiche ad ordinamento cinese nella Municipalit\u00e0 di Shanghai e nelle provincie di Zhejiang, Jiangsu e Anhui;<\/li>\n<li>Se l\u2019istituto scolastico si identifica con un nome ufficiale in lingua inglese (si vedano ad esempio anche i certificati del CSSD) questo dovr\u00e0 essere riportato nella traduzione allegata all\u2019atto notarile del titolo di studio;<\/li>\n<li>Gli atti notarili dovranno sempre contenere i certificati ed i documenti originali con la dichiarazione di autenticit\u00e0 del notaio ad eccezione del titolo di studio per il quale pu\u00f2 essere redatto un atto notarile con la seguente dicitura: \u201cla fotocopia \u00e8 conforme all\u2019originale, l\u2019originale \u00e8 autentico\u201d.<\/li>\n<li>Se il richiedente \u00e8 un minore, il modulo di richiesta va firmato dai genitori allegando copia a colori dei documenti di identit\u00e0 e del certificato di nascita;<\/li>\n<li>Il CSSD &#8211; Center for Student Services and Development, Ministry of Education P.R. China \u00e8 l\u2019unico Ente riconosciuto dal governo Cinese www.chsi.com.cn;<\/li>\n<li>La Sezione Studenti dell&#8217;Ufficio Visti resta a disposizione per ulteriori informazioni all&#8217;indirizzo <a href=\"mailto:studenti.shanghai@esteri.it\">studenti.shanghai@esteri.it<\/a>.<\/li>\n<\/ul>\n<p>&nbsp;<\/p>\n<p><strong>Come richiedere la Dichiarazione di Valore<\/strong><\/p>\n<p>Per agevolare gli studenti nella richiesta della D.V. questi dovranno consegnare tutta la documentazione necessaria direttamente agli sportelli dell&#8217; Italian Visa Application Center (IVAC) <strong>contemporaneamente alla richiesta di visto<\/strong>.<\/p>\n<p>Si rammenta che per fissare un appuntamento per presentare la richiesta di visto di studio e al fine di agevolare i richiedenti \u00e8 istituito un fast track presso i Centri Visti di questa circoscrizione, accessibile inviando una mail a <a href=\"mailto:study_italy_sh@vfsglobal.com\">study_italy_sh@vfsglobal.com<\/a> (Shanghai), <a href=\"mailto:study_italy_nj@vfsglobal.com\">study_italy_nj@vfsglobal.com<\/a> (Nanchino) e <a href=\"mailto:study_italy_hz@vfsglobal.com\">study_italy_hz@vfsglobal.com<\/a> (Hangzhou).<\/p>\n<p>&nbsp;<\/p>\n<p><strong>La documentazione per la Dichiarazione di Valore<\/strong><\/p>\n<p>1. <a href=\"https:\/\/consshanghai.esteri.it\/wp-content\/uploads\/2024\/05\/Modulo-richiesta-DoV.pdf\">Modulo di richiesta D.V.<\/a>;<br \/>\n2. Fotocopie a colori delle prime 4 pagine del Passaporto;<br \/>\n3. Universitaly\uff1aRIEPILOGO oppure screenshot iscrizione\uff1b<br \/>\n4. Atto notarile del titolo di studio e della pagella (originale CSSD o della Scuola), tradotti in italiano e apostillati presso il Ministero degli Affari Esteri Cinese.<br \/>\n5. Due copie originali degli Attestati di autenticit\u00e0 in lingua inglese rilasciati dal CSSD (www.chsi.com.cn )<br \/>\n&#8211; Higher Education: Online Verification Report, Qualification Certificate, Verification Report of Student&#8217;s Academic Transcript, opzionalmente a facolta\u2019 dello studente possono essere allegati anche i certificati NPEE or NDEE or NGEE;<br \/>\n&#8211; Secondary Education: Online Verification Report, Qualification Certificate, Verification Report of Student&#8217;s Academic Transcript, certificate of NCEE \/GaoKao and certificate of Huikao (solo se disponibile).<\/p>\n<p>Nel richiedere gli attestati al CSSD, l\u2019utente deve specificare che copia degli stessi sia anche inviata alla posta elettronica dell\u2019Ufficio Studenti di questo Consolato (<a href=\"mailto:studenti.shanghai@esteri.it\">studenti.shanghai@esteri.it<\/a>).<\/p>\n<p>&nbsp;<\/p>\n<p><strong>Importante<\/strong><\/p>\n<ul>\n<li>Si ricorda che, se non diversamente specificato dalle Universit\u00e0, gli studenti che sono in possesso dei certificati di comparazione del CIMEA non necessitano della D.V. e debbono procedere direttamente alla richiesta del visto di ingresso per studio, allegando alla richiesta di visto questi certificati;<\/li>\n<li>Si ricorda che gli studenti che sono autorizzati dall\u2019Universit\u00e0 all\u2019immatricolazione secondo Legge nr. 54 del 4\/4\/2016, non necessitano della D.V. e possono procedere direttamente alla richiesta del visto di ingresso per studio, allegando l&#8217;autorizzazione\/lettera dell\u2019Universit\u00e0.<\/li>\n<li>Con la postilla NON vi \u00e8 pi\u00f9 la necessit\u00e0 che l\u2019atto notarile sia redatto da un notaio di questa circoscrizione Consolare, \u00e8 sufficiente che la scuola di conseguimento del titolo di studio ricada nella circoscrizione Consolare del Consolato Generale d\u2019Italia in Shanghai;<\/li>\n<li>NON \u00e8 pi\u00f9 necessario richiedere al CSSD i certificati in duplice lingua inglese-cinese, ma solo quelli in inglese;<\/li>\n<li>Per la richiesta della D.V. dei titoli di studio dei minori NON \u00e8 pi\u00f9 necessario produrre l\u2019atto notarile del certificato di nascita, ma una semplice fotocopia a colori (l\u2019atto notarile di nascita rimane necessario per la richiesta del visto di studio);<\/li>\n<li><strong>I richiedenti che aderiscono ai programmi Marco Polo o Turandot possono rivolgersi all\u2019Ufficio<\/strong>\u00a0<a href=\"https:\/\/uni-italia.it\/\"><strong>Uni-Italia<\/strong><\/a>.<\/li>\n<\/ul>\n<p>&nbsp;<\/p>\n<div class=\"entry-content\">\n<p><strong>UNI-ITALIA<\/strong><\/p>\n<p>L&#8217;Associazione non-profit Uni-Italia, Ente nazionale di riferimento per l&#8217;internazionalizzazione delle istituzioni accademiche italiane, persegue le iniziative volte a promuovere l&#8217;attrazione di studenti e ricercatori internazionali in Italia a rafforzare la cooperazione e gli scambi accademico-culturali tra l&#8217;Italia e i Paesi stranieri.<\/p>\n<p>A tal fine, Uni-Italia promuove l&#8217;offerta formativa universitaria o post-universitaria in Italia e, nell&#8217;ambito di tali obiettivi, offre orientamento e assistenza agli studenti internazionali attraverso i propri centri all&#8217;estero.<\/p>\n<p>Gli studenti interessati a iscriversi ai corsi di studio nelle Universit\u00e0 e negli Istituti AFAM italiani potranno dunque \u00a0rivolgersi al personale del centro Uni-Italia di Shanghai per orientamento sui corsi di laurea, sui posti disponibili, sulle borse di studio e in generale sulle facilities e per ricevere assistenza per il perfezionamento della domanda di ammissione e pre-iscrizione universitaria, nonch\u00e9 sull&#8217;iter procedurale e documentale da espletare ai fini dell&#8217;immatricolazione universitaria in Italia.<\/p>\n<p><strong>Per maggiori informazioni o per fissare un appuntamento con l&#8217;Ufficio<\/strong> <strong><a href=\"https:\/\/uni-italia.it\/\">Uni-Italia<\/a><\/strong> <strong>di Shanghai \u00e8 possibile inviare una email a<\/strong> <u><a href=\"mailto:shanghai@uni-italia.it\"><strong>shanghai@uni-italia.it<\/strong><\/a><\/u> <strong>o contattare il numero 021-65965900-180<\/strong>.<\/p>\n<p>Per poter usufruire dell\u2019assistenza di Uni-Italia sar\u00e0 necessario il pagamento, non rimborsabile, di 1860 RMB al netto delle spese bancarie con versamento bancario a:<\/p>\n<p>\u2013Nome beneficiario : Consolato Generale d\u2019Italia a Shanghai(Uni-Italia)<br \/>\n\u2013Numero Conto\u00a0\uff1a121942594610805<br \/>\n\u2013Nome Beneficiario\uff1aChina Merchants Bank, Changle Sub branch Shanghai<br \/>\n\u2013\u00a0Causale: CE \u2013 Cognome e nome (in cinese e in pinyin, es.: CE \u2013 \u738b\u5e73 WANG PING)<br \/>\nMPT \u2013 Cognome e nome (in cinese e in pinyin, es.: MPT \u2013 \u738b\u5e73 WANG PING)<\/p>\n<\/div>\n","protected":false},"excerpt":{"rendered":"La Dichiarazione di Valore (D.V. o DoV) \u00e8 un documento di tipo informativo che viene rilasciato a titolo gratuito dagli Uffici Consolari e che descrive il titolo di studio a cui \u00e8 riferita nell\u2019ordinamento locale. Per l\u2019immatricolazione degli studenti stranieri le Universit\u00e0 prediligono solitamente i certificati di comparazione del CIMEA (si richiedono facilmente online al [&hellip;]","protected":false},"author":8,"featured_media":0,"parent":482,"menu_order":5,"comment_status":"closed","ping_status":"closed","template":"","meta":{"footnotes":""},"class_list":["post-2435","page","type-page","status-publish","hentry"],"_links":{"self":[{"href":"https:\/\/consshanghai.esteri.it\/it\/wp-json\/wp\/v2\/pages\/2435","targetHints":{"allow":["GET"]}}],"collection":[{"href":"https:\/\/consshanghai.esteri.it\/it\/wp-json\/wp\/v2\/pages"}],"about":[{"href":"https:\/\/consshanghai.esteri.it\/it\/wp-json\/wp\/v2\/types\/page"}],"author":[{"embeddable":true,"href":"https:\/\/consshanghai.esteri.it\/it\/wp-json\/wp\/v2\/users\/8"}],"replies":[{"embeddable":true,"href":"https:\/\/consshanghai.esteri.it\/it\/wp-json\/wp\/v2\/comments?post=2435"}],"version-history":[{"count":6,"href":"https:\/\/consshanghai.esteri.it\/it\/wp-json\/wp\/v2\/pages\/2435\/revisions"}],"predecessor-version":[{"id":2974,"href":"https:\/\/consshanghai.esteri.it\/it\/wp-json\/wp\/v2\/pages\/2435\/revisions\/2974"}],"up":[{"embeddable":true,"href":"https:\/\/consshanghai.esteri.it\/it\/wp-json\/wp\/v2\/pages\/482"}],"wp:attachment":[{"href":"https:\/\/consshanghai.esteri.it\/it\/wp-json\/wp\/v2\/media?parent=2435"}],"curies":[{"name":"wp","href":"https:\/\/api.w.org\/{rel}","templated":true}]}}