{"id":2701,"date":"2024-06-17T17:48:04","date_gmt":"2024-06-17T09:48:04","guid":{"rendered":"https:\/\/consshanghai.esteri.it\/?page_id=2701"},"modified":"2025-08-18T13:48:45","modified_gmt":"2025-08-18T05:48:45","slug":"i-programmi-marco-polo-e-turandot","status":"publish","type":"page","link":"https:\/\/consshanghai.esteri.it\/it\/servizi-consolari-e-visti\/servizi-per-il-cittadino-straniero\/studiare-in-italia\/i-programmi-marco-polo-e-turandot\/","title":{"rendered":"I programmi &#8220;Marco Polo&#8221; e &#8220;Turandot&#8221;"},"content":{"rendered":"<p>I programmi di mobilit\u00e0 bilaterale \u201cMarco Polo\u201d e \u201cTurandot\u201d\u00a0 sono stati istituti il 2 ottobre 2006 attraverso lo \u201cScambio di Note Verbali\u201d tra il Governo italiano e quello della Repubblica Popolare Cinese.<\/p>\n<p>Tali progetti forniscono la possibilit\u00e0 agli studenti cinesi di ottenere il visto di ingresso in Italia per accedere alle Istituzioni appartenenti al sistema della formazione superiore italiano nei corsi di studio che prevedono un contingente per detti studenti, a condizione che frequentino preventivamente un corso di lingua italiana della durata di 10 o 11 mesi.<\/p>\n<p>&nbsp;<\/p>\n<p><strong>Le nuove disposizioni operative per l\u2019Anno Accademico 2026\/2027<\/strong><\/p>\n<p>Sul Portale <a href=\"https:\/\/www.universitaly.it\/first-steps\">Universitaly<\/a> sono disponibili le nuove disposizioni operative dei progetti di mobilit\u00e0 bilaterale \u201cMarco Polo\u201d e \u201cTurandot\u201d per l\u2019Anno Accademico 2026\/2027.<\/p>\n<p>Gli studenti cinesi interessati a partecipare a detti Progetti potranno effettuare, a partire dalla data sopra indicata, le pre-iscrizioni per l\u2019A.A. 2026\/2027 presso tutte le Istituzioni appartenenti al sistema della formazione superiore italiano. Gli studenti dovranno compilare la domanda di preiscrizione all\u2019interno del portale UNIVERSITALY (<a href=\"https:\/\/www.universitaly.it\">https:\/\/www.universitaly.it<\/a> ) indicando come motivo di richiesta del visto l\u2019opzione \u201cMarco Polo \/ Turandot\u201d e compilando tutti i relativi dati richiesti al fine di inviare la propria domanda di preiscrizione all\u2019istituzione di riferimento. Tale istituzione dovr\u00e0 successivamente validarla in linea con quanto stabilito dalle \u201cProcedure per l\u2019ingresso il soggiorno, l\u2019immatricolazione degli studenti internazionali e il relativo riconoscimento dei titoli, per i corsi della formazione superiore in Italia valide per l\u2019A.A. 2025\/2026\u201d (cfr <a href=\"https:\/\/www.studiare-in-italia.it\/studentistranieri\/\">https:\/\/www.studiare-in-italia.it\/studentistranieri\/<\/a> ).<\/p>\n<p>Il corso di lingua italiana, che dovr\u00e0 avere una durata pari a 100 ore mensili, oltre a prevedere il rilascio di idonea certificazione, ha la finalit\u00e0 di consentire il conseguimento e consolidamento del livello B1 di conoscenza della lingua italiana con l\u2019obiettivo di una crescita delle competenze linguistiche negli anni successivi. I livelli linguistici di riferimento ed i parametri per raggiungerli sono quelli definiti dal Quadro Comune Europeo di riferimento per le lingue (Common European Framework of Reference for Languages \u2013 CEFR), reperibile al seguente link: <a href=\"https:\/\/www.coe.int\/en\/web\/common-european-framework-reference-languages\/level-descriptions.%20\">https:\/\/www.coe.int\/en\/web\/common-european-framework-reference-languages\/level-descriptions.<\/a><\/p>\n<p>Il corso di lingua dovr\u00e0 altres\u00ec prevedere parte del tempo dedicato alla cultura italiana e\/o ai linguaggi settoriali.<\/p>\n<p>Pertanto, per quelle Istituzioni che:<br \/>\n\u27a2 intendessero attivare il corso di lingua italiana della <strong>durata di 10 mesi<\/strong>, la scadenza ultima per la presentazione della candidatura da parte degli studenti cinesi \u00e8 stabilita <strong>al 29 agosto 2025.<br \/>\n<\/strong>\u27a2 intendessero attivare sperimentalmente corsi di lingua italiana della <strong>durata di 11 mesi<\/strong>, la scadenza ultima di presentazione delle domande per gli studenti cinesi \u00e8 anticipata al <strong>25 luglio 2025.<\/strong><\/p>\n<p>Gli studenti dovranno specificare nella domanda di preiscrizione, sia l\u2019Istituzione universitaria prescelta per l\u2019immatricolazione al corso di studi sia la sede a cui sono interessati per la frequenza del corso di lingua italiana. Si dovr\u00e0 inoltre indicare all\u2019interno del modulo da compilare la durata del corso in 10 o 11 mesi. Gli studenti si possono iscrivere, oltre ai corsi organizzati dall\u2019Universit\u00e0 per Stranieri di Perugia, Universit\u00e0 per stranieri di Siena, Terza Universit\u00e0 di Roma, dalla Societ\u00e0 \u201cDante Alighieri\u201d nonch\u00e9 dall\u2019Universit\u00e0 per Stranieri di Reggio Calabria, ad eventuali corsi di lingua presso l\u2019Istituzione prescelta o ad un ente esterno o centro linguistico privato di riconosciuta qualit\u00e0 con il quale abbia stipulato un\u2019apposita convenzione).<\/p>\n<p>L\u2019iscrizione ai corsi di laurea e laurea magistrale a ciclo unico prevedono che lo studente abbia conseguito un punteggio minimo di <strong>400\/750<\/strong> all\u2019esame di idoneit\u00e0 accademica NCEE (<strong>GAO KAO<\/strong>) e, in considerazione di eventuali capacit\u00e0 artistiche, se la preiscrizione riguarda un corso di Diploma accademico di primo livello presso gli Istituti di Formazione Artistica (AFAM), tale punteggio pu\u00f2 essere ridotto fino a <strong>300\/750<\/strong>, che con la ponderazione del voto dell\u2019esame di arte (<strong>YI KAO<\/strong>), dovr\u00e0 comunque raggiungere una media totale di almeno <strong>400\/750<\/strong>.<\/p>\n<p>L\u2019elenco dei corsi con la corrispondente riserva di posti \u00e8 pubblicato in autonomia dagli atenei all\u2019interno dei propri portali.<\/p>\n<p><strong>IMPORTANTE:<\/strong> <strong>per informazioni dettagliate sui corsi si prega di rivolgersi a<\/strong> <a href=\"https:\/\/consshanghai.esteri.it\/it\/servizi-consolari-e-visti\/servizi-per-il-cittadino-straniero\/studiare-in-italia\/uni-italia\/\"><strong>Uni-Italia<\/strong><\/a>.<\/p>\n","protected":false},"excerpt":{"rendered":"I programmi di mobilit\u00e0 bilaterale \u201cMarco Polo\u201d e \u201cTurandot\u201d\u00a0 sono stati istituti il 2 ottobre 2006 attraverso lo \u201cScambio di Note Verbali\u201d tra il Governo italiano e quello della Repubblica Popolare Cinese. Tali progetti forniscono la possibilit\u00e0 agli studenti cinesi di ottenere il visto di ingresso in Italia per accedere alle Istituzioni appartenenti al sistema [&hellip;]","protected":false},"author":8,"featured_media":0,"parent":482,"menu_order":3,"comment_status":"closed","ping_status":"closed","template":"","meta":{"footnotes":""},"class_list":["post-2701","page","type-page","status-publish","hentry"],"_links":{"self":[{"href":"https:\/\/consshanghai.esteri.it\/it\/wp-json\/wp\/v2\/pages\/2701","targetHints":{"allow":["GET"]}}],"collection":[{"href":"https:\/\/consshanghai.esteri.it\/it\/wp-json\/wp\/v2\/pages"}],"about":[{"href":"https:\/\/consshanghai.esteri.it\/it\/wp-json\/wp\/v2\/types\/page"}],"author":[{"embeddable":true,"href":"https:\/\/consshanghai.esteri.it\/it\/wp-json\/wp\/v2\/users\/8"}],"replies":[{"embeddable":true,"href":"https:\/\/consshanghai.esteri.it\/it\/wp-json\/wp\/v2\/comments?post=2701"}],"version-history":[{"count":6,"href":"https:\/\/consshanghai.esteri.it\/it\/wp-json\/wp\/v2\/pages\/2701\/revisions"}],"predecessor-version":[{"id":4537,"href":"https:\/\/consshanghai.esteri.it\/it\/wp-json\/wp\/v2\/pages\/2701\/revisions\/4537"}],"up":[{"embeddable":true,"href":"https:\/\/consshanghai.esteri.it\/it\/wp-json\/wp\/v2\/pages\/482"}],"wp:attachment":[{"href":"https:\/\/consshanghai.esteri.it\/it\/wp-json\/wp\/v2\/media?parent=2701"}],"curies":[{"name":"wp","href":"https:\/\/api.w.org\/{rel}","templated":true}]}}