{"id":2745,"date":"2024-06-24T11:48:45","date_gmt":"2024-06-24T03:48:45","guid":{"rendered":"https:\/\/consshanghai.esteri.it\/?page_id=2745"},"modified":"2025-04-17T09:25:55","modified_gmt":"2025-04-17T01:25:55","slug":"visto-per-studio","status":"publish","type":"page","link":"https:\/\/consshanghai.esteri.it\/it\/servizi-consolari-e-visti\/servizi-per-il-cittadino-straniero\/studiare-in-italia\/visto-per-studio\/","title":{"rendered":"Visto per studio"},"content":{"rendered":"<p style=\"text-align: justify;\">Il visto per studio consente l\u2019ingresso in Italia, per soggiorni di breve o lungo periodo, finalizzati all\u2019attivit\u00e0 di studio, formazione professionale o tirocinio formativo.<\/p>\n<p>&nbsp;<\/p>\n<p><a href=\"https:\/\/consshanghai.esteri.it\/wp-content\/uploads\/2024\/06\/NUOVO-SCHENGEN-VISA-APPLICATION-FORM.pdf\"><strong>FORMULARIO VISTO SCHENGEN (FINO A 90 GIORNI)<\/strong><\/a><\/p>\n<p style=\"text-align: justify;\"><a href=\"https:\/\/consshanghai.esteri.it\/wp-content\/uploads\/2024\/05\/Application_Format_National.pdf\"><strong>FORMULARIO VISTO NAZIONALE (PI\u00d9 DI 90 GIORNI)<\/strong><\/a><\/p>\n<p>&nbsp;<\/p>\n<p style=\"text-align: justify;\"><strong>AVVISO IMPORTANTE PER I RICHIEDENTI VISTO DI STUDIO SIA DI BREVE CHE DI LUNGA DURATA<\/strong><\/p>\n<p style=\"text-align: justify;\">Gli studenti richiedenti visto di Studio sia di breve che di lunga durata (Schengen o Nazionale) per seguire qualsiasi corso presso le Universit\u00e0 e le Istituzioni AFAM Italiane o per iscriversi al programma Marco Polo Turandot dovranno accedere al portale <a href=\"https:\/\/www.universitaly.it\/first-steps\"><strong>UNIVERSITALY<\/strong><\/a> al fine di compilare la relativa domanda di preiscrizione\/iscrizione in modalit\u00e0 telematica, come riportato sulla circolare del MUR pubblicata sul portale\u00a0<a href=\"https:\/\/www.studiare-in-italia.it\/studentistranieri\/\"><strong>Studiare in Italia<\/strong><\/a>.<\/p>\n<p style=\"text-align: justify;\"><strong>Pertanto, in aggiunta alla documentazione prevista per il rilascio di visto di studio, come pi\u00f9 sotto specificato per le diverse tipologie di visto di studio, gli studenti dovranno presentare anche il riepilogo della domanda generata dalla piattaforma e validata dall\u2019Universit\u00e0\/AFAM<\/strong>.<\/p>\n<p style=\"text-align: justify;\">Per maggiori informazioni sui servizi consolari rivolti agli studenti \u00e8 possibile consultare la <a href=\"https:\/\/consshanghai.esteri.it\/it\/servizi-consolari-e-visti\/servizi-per-il-cittadino-straniero\/studiare-in-italia\/\"><strong>pagina informativa<\/strong> sul nostro sito<\/a>.<\/p>\n<p style=\"text-align: justify;\">Per informazioni sulle opportunit\u00e0 di studio in Italia e per le pre-iscrizioni \u00e8 possibile consultare i siti internet: \u201c<a href=\"http:\/\/www.studiare-in-italia.it\/studentistranieri\/\"><strong>Studiare in Italia<\/strong><\/a>\u201d e \u201c<a href=\"http:\/\/www.uni-italia.it\/\"><strong>Uni-Italia<\/strong><\/a>\u201d .<\/p>\n<p>&nbsp;<\/p>\n<p style=\"text-align: justify;\"><strong>a) Immatricolazione universitaria<\/strong><\/p>\n<p style=\"text-align: justify;\">I cittadini stranieri che hanno effettuato regolare pre-iscrizione tramite il portale <a href=\"https:\/\/www.universitaly.it\/first-steps\"><strong>UNIVERSITALY<\/strong><\/a> per la frequenza di corsi di laurea triennali o magistrali presso Universit\u00e0 italiane o Istituti di alta formazione artistica e musicale (AFAM) per l\u2019anno accademico di riferimento, e che hanno ottenuto la validazione dall\u2019Universit\u00e0, possono presentare <a href=\"https:\/\/consshanghai.esteri.it\/it\/servizi-consolari-e-visti\/servizi-per-il-cittadino-straniero\/visti\/\">domanda di visto di \u201cstudio \u2013 immatricolazione\u201d<\/a> entro il termine massimo <strong>del 30 Novembre 2025<\/strong><strong>.<\/strong><\/p>\n<p style=\"text-align: justify;\">In aggiunta alla documentazione prevista per il rilascio di visto di studio, gli studenti dovranno presentare anche il riepilogo della domanda di preiscrizione generata dal portale Universitaly, validata dall\u2019Universit\u00e0\/AFAM. Inoltre, se richiesto dall\u2019Universit\u00e0\/AFAM, dovranno presentare anche i titoli di studio in originale, tradotti in italiano e legalizzati e la Dichiarazione di Valore, che pu\u00f2 essere sostituita dal Diploma Supplement o dai certificati ENIC-NARI rilasciati dal CIMEA. Nel caso in cui l\u2019Universit\u00e0\/AFAM richieda la Dichiarazione di Valore, gli studenti dovranno farne richiesta a questo Ufficio Studenti, prima di poter richiedere il visto, seguendo le modalit\u00e0 pubblicate sul nostro sito a <a href=\"https:\/\/consshanghai.esteri.it\/it\/servizi-consolari-e-visti\/servizi-per-il-cittadino-straniero\/studiare-in-italia\/dichiarazioni-di-valore\/\"><strong>questo link<\/strong><\/a>.<\/p>\n<p style=\"text-align: justify;\">Per richiedere invece la certificazione CIMEA, gli studenti dovranno seguire la procedura a <a href=\"https:\/\/www.cimea.it\/EN\/pagina-servizi\"><strong>questo link<\/strong><\/a><strong>. <\/strong><\/p>\n<p>&nbsp;<\/p>\n<p style=\"text-align: justify;\"><strong>b) Programma Marco Polo \u2013 Turandot<\/strong><\/p>\n<p style=\"text-align: justify;\">I cittadini cinesi che hanno effettuato regolare pre-iscrizione tramite il portale <a href=\"https:\/\/www.universitaly.it\/first-steps\"><strong>UNIVERSITALY<\/strong><\/a> per la frequenza di corsi di laurea presso Universit\u00e0 italiane o Istituzioni di Alta Formazione Artistica e Musicale (AFAM) per l\u2019a.a. 2025-2026 attraverso il Programma Marco Polo \u2013 Turandot e hanno altres\u00ec effettuato l\u2019iscrizione ai corsi di lingua, possono presentare domanda di visto di studio seguendo la seguente <strong><a href=\"https:\/\/consshanghai.esteri.it\/wp-content\/uploads\/2024\/05\/Check-list-Studio-MPT-2024-NOSTRA-VERSIONE.pdf\">checklist<\/a>.<\/strong><\/p>\n<p style=\"text-align: justify;\">Per informazioni sulle opportunit\u00e0 di studio in Italia ed il Programma Marco Polo \u2013 Turandot \u00e8 possibile consultare i siti internet: \u201c<a href=\"http:\/\/www.studiare-in-italia.it\/studentistranieri\/\"><strong>Studiare in Italia<\/strong><\/a>\u201d e \u201c<a href=\"http:\/\/www.uni-italia.it\/\"><strong>Uni-Italia<\/strong><\/a>\u201d\u00a0.<\/p>\n<p style=\"text-align: justify;\"><strong>Nota per tutti gli studenti che riprendono gli studi in Italia dopo un\u2019interruzione o dopo aver frequentato corsi di studio presso altri Atenei all\u2019estero<\/strong>.<\/p>\n<p style=\"text-align: justify;\">Gli studenti stranieri gi\u00e0 immatricolati presso un Ateneo italiano che abbiano sospeso temporaneamente gli studi e gli studenti stranieri regolarmente iscritti presso un Ateneo italiano che, in applicazione di accordi multilaterali di mobilit\u00e0 studentesca tra Atenei, abbiano frequentato corsi semestrali o annuali all\u2019estero,\u00a0 possono fare domanda di <strong>visto di reingresso <\/strong>presentando il certificato di regolare iscrizione al rispettivo anno accademico (corredato dal regolare pagamento delle tasse universitarie) con l\u2019elenco degli esami universitari sostenuti e una propria lettera motivata (possibilmente supportata da idonea documentazione) che avvalori le ragioni della sospensione degli studi o provi la frequenza di corsi presso altri Atenei come parte del percorso accademico principale.<\/p>\n<p>&nbsp;<\/p>\n<p style=\"text-align: justify;\"><strong>c) Iscrizione a corsi universitari singoli, studio post-universitario o scambi<br \/>\n<\/strong><br \/>\nGli studenti che si iscrivono a corsi singoli, corsi di studio post universitario, programmi di scambio, possono fare domanda di visto di studio seguendo la seguente <a href=\"https:\/\/consshanghai.esteri.it\/wp-content\/uploads\/2024\/05\/Check-list-Studio-Corsi-Singoli-e-Programmi-di-Scambio-2024-NOSTRA-VERSIONE.pdf\"><strong>checklist<\/strong><\/a>.<\/p>\n<p>&nbsp;<\/p>\n<p style=\"text-align: justify;\"><strong>d) Formazione professionale e tirocinio<br \/>\n<\/strong><br \/>\nI visti per partecipare a programmi di formazione professionale o a tirocini, devono essere richiesti fornendo i documenti cos\u00ec come elencati nella seguente <a href=\"https:\/\/consshanghai.esteri.it\/wp-content\/uploads\/2024\/05\/Check-list-vocational_training_or_internship-2024-NOSTRA-VERSIONE.pdf\"><strong>checklist<\/strong><\/a>.<\/p>\n<p>&nbsp;<\/p>\n<p style=\"text-align: justify;\"><strong>e) Corsi di lingua presso scuole private<\/strong><\/p>\n<p style=\"text-align: justify;\">I visti per frequentare corsi di lingua presso scuole private devono essere richiesti fornendo i documenti cos\u00ec come elencati nella seguente <a href=\"https:\/\/consshanghai.esteri.it\/wp-content\/uploads\/2024\/05\/Check-list-Studio-Corsi-di-Lingua-Italiana-2024-NOSTRA-VERSIONE.pdf\"><strong>checklist<\/strong><\/a>.<\/p>\n<p style=\"text-align: justify;\">Si fa presente che per la concessione di visti per studio finalizzati alla frequenza di <u>corsi di lingua italiana<\/u> trova applicazione l\u00b4<strong>art.44bis, comma 2, lettera \u2018\u2019a\u2019\u2019 del DPR 394\/1999<\/strong>, che prevede che i corsi debbano essere:<\/p>\n<ul style=\"text-align: justify;\">\n<li>di livello superiore<\/li>\n<li>a tempo pieno e di durata determinata<\/li>\n<li>debba essere verificata la coerenza dei corsi da seguire in Italia con la formazione acquisita nel Paese di provenienza<\/li>\n<li>accertate le disponibilit\u00e0 economiche, la validit\u00e0 dell\u2019iscrizione o preiscrizione del corso da seguire in Italia<\/li>\n<\/ul>\n<p style=\"text-align: justify;\">Poich\u00e9 si tratta di corsi di studio di livello superiore agli studenti \u00e8 richiesta una pregressa conoscenza della lingua italiana (o della lingua in cui il corso sar\u00e0 erogato) che deve essere verificata. Cos\u00ec come previsto dalla circolare MUR per l\u2019a.a. 2025\/2026 <strong>il livello minimo richiesto di conoscenza della lingua italiana \u00e8 pari almeno al B2. <\/strong><\/p>\n<p style=\"text-align: justify;\"><strong>\u00a0<\/strong><\/p>\n<p style=\"text-align: justify;\"><strong>f) Ricerca<\/strong><\/p>\n<p style=\"text-align: justify;\">Il visto per ricerca consente, a quanti sono in possesso di un titolo di studio superiore adeguato a svolgere dottorato, di effettuare un\u2019attivit\u00e0 di ricerca presso Universit\u00e0 o Istituti di ricerca riconosciuti dal Ministero italiano dell\u2019Universit\u00e0 e della Ricerca. Per i periodi di ricerca non superiori a 90 giorni si prega di seguire la seguente <a href=\"https:\/\/consshanghai.esteri.it\/wp-content\/uploads\/2024\/05\/Checklist-Ricerca-Schengen-2024-NOSTRA-VERSIONE.pdf\"><strong>checklist<\/strong><\/a>. Per periodi di ricerca superiori a 90 giorni si prega di seguire la seguente <a href=\"https:\/\/consshanghai.esteri.it\/wp-content\/uploads\/2024\/05\/Checklist-Ricerca-Nazionale-2024-NOSTRA-VERSIONE.pdf\"><strong>checklist<\/strong><\/a>.<\/p>\n<p>&nbsp;<\/p>\n<p style=\"text-align: justify;\"><strong>g) Studio post-laurea<\/strong><\/p>\n<p style=\"text-align: justify;\">Gli studenti stranieri iscritti presso universit\u00e0 italiane pubbliche o private autorizzate a rilasciare titoli di studio aventi valore legale a corsi post-universitari, quali master, dottorati, specializzazioni e perfezionamenti devono presentare i documenti elencati nella seguente <a href=\"https:\/\/consshanghai.esteri.it\/wp-content\/uploads\/2024\/05\/Check-list-Study-Post-graduation-2024-NOSTRA-VERSIONE.pdf\"><strong>checklist<\/strong><\/a><u>.<\/u><\/p>\n<p style=\"text-align: justify;\">\n","protected":false},"excerpt":{"rendered":"Il visto per studio consente l\u2019ingresso in Italia, per soggiorni di breve o lungo periodo, finalizzati all\u2019attivit\u00e0 di studio, formazione professionale o tirocinio formativo. &nbsp; FORMULARIO VISTO SCHENGEN (FINO A 90 GIORNI) FORMULARIO VISTO NAZIONALE (PI\u00d9 DI 90 GIORNI) &nbsp; AVVISO IMPORTANTE PER I RICHIEDENTI VISTO DI STUDIO SIA DI BREVE CHE DI LUNGA DURATA [&hellip;]","protected":false},"author":9,"featured_media":0,"parent":482,"menu_order":6,"comment_status":"closed","ping_status":"closed","template":"","meta":{"footnotes":""},"class_list":["post-2745","page","type-page","status-publish","hentry"],"_links":{"self":[{"href":"https:\/\/consshanghai.esteri.it\/it\/wp-json\/wp\/v2\/pages\/2745","targetHints":{"allow":["GET"]}}],"collection":[{"href":"https:\/\/consshanghai.esteri.it\/it\/wp-json\/wp\/v2\/pages"}],"about":[{"href":"https:\/\/consshanghai.esteri.it\/it\/wp-json\/wp\/v2\/types\/page"}],"author":[{"embeddable":true,"href":"https:\/\/consshanghai.esteri.it\/it\/wp-json\/wp\/v2\/users\/9"}],"replies":[{"embeddable":true,"href":"https:\/\/consshanghai.esteri.it\/it\/wp-json\/wp\/v2\/comments?post=2745"}],"version-history":[{"count":6,"href":"https:\/\/consshanghai.esteri.it\/it\/wp-json\/wp\/v2\/pages\/2745\/revisions"}],"predecessor-version":[{"id":4021,"href":"https:\/\/consshanghai.esteri.it\/it\/wp-json\/wp\/v2\/pages\/2745\/revisions\/4021"}],"up":[{"embeddable":true,"href":"https:\/\/consshanghai.esteri.it\/it\/wp-json\/wp\/v2\/pages\/482"}],"wp:attachment":[{"href":"https:\/\/consshanghai.esteri.it\/it\/wp-json\/wp\/v2\/media?parent=2745"}],"curies":[{"name":"wp","href":"https:\/\/api.w.org\/{rel}","templated":true}]}}