{"id":93,"date":"2022-12-15T18:34:04","date_gmt":"2022-12-15T17:34:04","guid":{"rendered":"https:\/\/consshanghai.esteri.it\/?page_id=93"},"modified":"2026-01-29T11:45:01","modified_gmt":"2026-01-29T03:45:01","slug":"la-sede","status":"publish","type":"page","link":"https:\/\/consshanghai.esteri.it\/it\/chi-siamo\/la-sede\/","title":{"rendered":"La Sede"},"content":{"rendered":"<p><img loading=\"lazy\" decoding=\"async\" class=\"alignnone wp-image-324 img-fluid\" src=\"https:\/\/consshanghai.esteri.it\/wp-content\/uploads\/2023\/05\/The-Center-Sede-CG-300x201.jpg\" alt=\"\" width=\"437\" height=\"293\" srcset=\"https:\/\/consshanghai.esteri.it\/wp-content\/uploads\/2023\/05\/The-Center-Sede-CG-300x201.jpg 300w, https:\/\/consshanghai.esteri.it\/wp-content\/uploads\/2023\/05\/The-Center-Sede-CG-1024x685.jpg 1024w, https:\/\/consshanghai.esteri.it\/wp-content\/uploads\/2023\/05\/The-Center-Sede-CG-768x514.jpg 768w, https:\/\/consshanghai.esteri.it\/wp-content\/uploads\/2023\/05\/The-Center-Sede-CG.jpg 1500w\" sizes=\"auto, (max-width: 437px) 100vw, 437px\" \/><\/p>\n<p><strong>COME RAGGIUNGERCI:<\/strong><\/p>\n<p>Consolato Generale d&#8217;Italia &#8211;\u00a0Shanghai<br \/>\nINDIRIZZO : Changle Lu 989, The Center, 19\u00b0 Piano. CAP 200031<\/p>\n<p>\u610f\u5927\u5229\u603b\u9886\u4e8b\u9986<br \/>\n\u5730\u5740: \u4e0a\u6d77\u5e02\u957f\u4e50\u8def989\u53f7\u4e16\u7eaa\u5546\u8d38\u5e7f\u573a19\u697c,\u90ae\u7f16 200031<\/p>\n<p>Tel.\u7535\u8bdd:021-659 659 00<br \/>\nFax.\u4f20\u771f:021-64716977<\/p>\n<p>&nbsp;<\/p>\n<p><strong>GIORNI DI CHIUSURA DEL CONSOLATO GENERALE:<\/strong><\/p>\n<p><strong>Anno 2025<\/strong><\/p>\n<p>Mercoled\u00ec 1 gennaio Capodanno<br \/>\nMercoled\u00ec 29 gennaio Capodanno cinese<br \/>\nLuned\u00ec 21 aprile Luned\u00ec dell\u2019Angelo<br \/>\nVenerd\u00ec 25 aprile Anniversario della Liberazione<br \/>\nGioved\u00ec 1 maggio Festa del lavoro<br \/>\nSabato 31 maggio Festa delle Barche Drago<br \/>\nLuned\u00ec 2 giugno Festa Nazionale della Repubblica<br \/>\nVenerd\u00ec 15 agosto Festa della B.V. Maria<br \/>\nMercoled\u00ec 1 ottobre Festa Nazionale Cinese<br \/>\nGioved\u00ec 25 dicembre Natale<br \/>\nVenerd\u00ec 26 dicembre Santo Stefano<\/p>\n<p>&nbsp;<\/p>\n<p><strong>Anno 2026<\/strong><\/p>\n<p>Gioved\u00ec 01 gennaio Capodanno<br \/>\nMarted\u00ec 17 febbraio Capodanno Cinese<br \/>\nLuned\u00ec 06 aprile Luned\u00ec dell\u2019Angelo<br \/>\nSabato 25 aprile Anniversario della Liberazione<br \/>\nVenerd\u00ec 01 maggio Festa del Lavoro<br \/>\nMarted\u00ec 02 giugno Festa Nazionale della Repubblica<br \/>\nVenerd\u00ec 19 giugno Festa delle Barche Drago<br \/>\nSabato 15 agosto Festa della B.V. Maria<br \/>\nGioved\u00ec 01 ottobre Festa Nazionale Cinese<br \/>\nVenerd\u00ec 25 dicembre Natale<br \/>\nSabato 26 dicembre Santo Stefano<\/p>\n","protected":false},"excerpt":{"rendered":"COME RAGGIUNGERCI: Consolato Generale d&#8217;Italia &#8211;\u00a0Shanghai INDIRIZZO : Changle Lu 989, The Center, 19\u00b0 Piano. CAP 200031 \u610f\u5927\u5229\u603b\u9886\u4e8b\u9986 \u5730\u5740: \u4e0a\u6d77\u5e02\u957f\u4e50\u8def989\u53f7\u4e16\u7eaa\u5546\u8d38\u5e7f\u573a19\u697c,\u90ae\u7f16 200031 Tel.\u7535\u8bdd:021-659 659 00 Fax.\u4f20\u771f:021-64716977 &nbsp; GIORNI DI CHIUSURA DEL CONSOLATO GENERALE: Anno 2025 Mercoled\u00ec 1 gennaio Capodanno Mercoled\u00ec 29 gennaio Capodanno cinese Luned\u00ec 21 aprile Luned\u00ec dell\u2019Angelo Venerd\u00ec 25 aprile Anniversario della Liberazione Gioved\u00ec [&hellip;]","protected":false},"author":3,"featured_media":0,"parent":10,"menu_order":0,"comment_status":"closed","ping_status":"closed","template":"","meta":{"footnotes":""},"class_list":["post-93","page","type-page","status-publish","hentry"],"_links":{"self":[{"href":"https:\/\/consshanghai.esteri.it\/it\/wp-json\/wp\/v2\/pages\/93","targetHints":{"allow":["GET"]}}],"collection":[{"href":"https:\/\/consshanghai.esteri.it\/it\/wp-json\/wp\/v2\/pages"}],"about":[{"href":"https:\/\/consshanghai.esteri.it\/it\/wp-json\/wp\/v2\/types\/page"}],"author":[{"embeddable":true,"href":"https:\/\/consshanghai.esteri.it\/it\/wp-json\/wp\/v2\/users\/3"}],"replies":[{"embeddable":true,"href":"https:\/\/consshanghai.esteri.it\/it\/wp-json\/wp\/v2\/comments?post=93"}],"version-history":[{"count":7,"href":"https:\/\/consshanghai.esteri.it\/it\/wp-json\/wp\/v2\/pages\/93\/revisions"}],"predecessor-version":[{"id":5608,"href":"https:\/\/consshanghai.esteri.it\/it\/wp-json\/wp\/v2\/pages\/93\/revisions\/5608"}],"up":[{"embeddable":true,"href":"https:\/\/consshanghai.esteri.it\/it\/wp-json\/wp\/v2\/pages\/10"}],"wp:attachment":[{"href":"https:\/\/consshanghai.esteri.it\/it\/wp-json\/wp\/v2\/media?parent=93"}],"curies":[{"name":"wp","href":"https:\/\/api.w.org\/{rel}","templated":true}]}}