{"id":98,"date":"2022-12-15T18:37:54","date_gmt":"2022-12-15T17:37:54","guid":{"rendered":"https:\/\/consshanghai.esteri.it\/?page_id=98"},"modified":"2023-09-05T15:52:53","modified_gmt":"2023-09-05T07:52:53","slug":"diplomazia-culturale","status":"publish","type":"page","link":"https:\/\/consshanghai.esteri.it\/it\/italia-e-repubblica-popolare-cinese\/diplomazia-culturale\/","title":{"rendered":"Diplomazia culturale"},"content":{"rendered":"<p style=\"text-align: justify;\">La cultura \u00e8 un elemento essenziale dell\u2019identit\u00e0 italiana nel mondo e rappresenta un patrimonio materiale e immateriale cui attingere per affrontare le sfide della contemporaneit\u00e0. Ne fa parte la lingua italiana, come eredit\u00e0 del passato e ponte verso il futuro.<\/p>\n<p style=\"text-align: justify;\">La promozione culturale occupa quindi un ruolo fondamentale nella politica estera e costituisce uno dei principali strumenti di proiezione esterna del nostro Paese.<\/p>\n<p style=\"text-align: justify;\"><strong>Il Consolato Generale d\u2019Italia a Shanghai e l\u2019Istituto Italiano di Cultura di Shanghai contribuiscono ad intensificare la cooperazione culturale tra Italia e Cina, favorendo i contatti tra le istituzioni museali italiane e cinesi e divenendo un punto di riferimento per la comunit\u00e0 artistica italiana nella circoscrizione. \u00a0<\/strong><\/p>\n<p>&nbsp;<\/p>\n<p style=\"text-align: justify;\"><strong>Gli Istituti Italiani di Cultura<\/strong><\/p>\n<p style=\"text-align: justify;\">Presenti nelle principali citt\u00e0 dei cinque continenti, gli Istituti Italiani di Cultura attualmente operativi sono un ideale luogo di incontro e di dialogo per intellettuali, artisti ed altri operatori culturali, ma anche per i semplici cittadini, sia italiani che stranieri, che vogliono instaurare o mantenere un rapporto con il nostro Paese.<\/p>\n<p style=\"text-align: justify;\">Di supporto all\u2019attivit\u00e0 gi\u00e0 svolta dalle Ambasciate e dai Consolati, gli Istituti Italiani di Cultura individuano gli strumenti pi\u00f9 idonei per promuovere l\u2019immagine dell\u2019Italia quale centro di produzione, conversazione e diffusione culturale dall\u2019epoca classica sino ai nostri giorni. Oltre all\u2019organizzazione di eventi culturali in questi settori (arte, musica, cinema, teatro, danza, moda, design, fotografia), gli Istituti Italiani di Cultura:<\/p>\n<ul style=\"text-align: justify;\">\n<li>offrono l\u2019opportunit\u00e0, a coloro che lo desiderano, di conoscere la lingua e la cultura italiana, attraverso l\u2019organizzazione di corsi, la gestione di biblioteche e l\u2019offerta di materiale didattico ed editoria;<br \/>\ncreano i contatti ed i presupposti per agevolare l\u2019integrazione di operatori italiani nei processi di scambio e di produzione culturale a livello internazionale;<\/li>\n<li>forniscono informazioni e supporto logistico ad operatori culturali pubblici e privati, sia italiani che stranieri;<\/li>\n<li>sostengono iniziative che favoriscono il dialogo interculturale fondato sui principi di democrazia e solidariet\u00e0 internazionale.<\/li>\n<\/ul>\n<p>&nbsp;<\/p>\n<p style=\"text-align: justify;\"><img loading=\"lazy\" decoding=\"async\" class=\"alignnone size-medium wp-image-366 img-fluid\" src=\"https:\/\/consshanghai.esteri.it\/wp-content\/uploads\/2023\/05\/IIC-color-Shanghai-CN-300x180.jpg\" alt=\"\" width=\"300\" height=\"180\" srcset=\"https:\/\/consshanghai.esteri.it\/wp-content\/uploads\/2023\/05\/IIC-color-Shanghai-CN-300x180.jpg 300w, https:\/\/consshanghai.esteri.it\/wp-content\/uploads\/2023\/05\/IIC-color-Shanghai-CN-1024x614.jpg 1024w, https:\/\/consshanghai.esteri.it\/wp-content\/uploads\/2023\/05\/IIC-color-Shanghai-CN-768x460.jpg 768w, https:\/\/consshanghai.esteri.it\/wp-content\/uploads\/2023\/05\/IIC-color-Shanghai-CN.jpg 1618w\" sizes=\"auto, (max-width: 300px) 100vw, 300px\" \/><\/p>\n<p style=\"text-align: justify;\"><a href=\"https:\/\/iicshanghai.esteri.it\/it\/\"><strong>Visita il sito dell\u2019Istituto Italiano di Cultura di Shanghai<\/strong><\/a>.<\/p>\n","protected":false},"excerpt":{"rendered":"La cultura \u00e8 un elemento essenziale dell\u2019identit\u00e0 italiana nel mondo e rappresenta un patrimonio materiale e immateriale cui attingere per affrontare le sfide della contemporaneit\u00e0. Ne fa parte la lingua italiana, come eredit\u00e0 del passato e ponte verso il futuro. La promozione culturale occupa quindi un ruolo fondamentale nella politica estera e costituisce uno dei [&hellip;]","protected":false},"author":3,"featured_media":0,"parent":14,"menu_order":0,"comment_status":"closed","ping_status":"closed","template":"","meta":{"footnotes":""},"class_list":["post-98","page","type-page","status-publish","hentry"],"_links":{"self":[{"href":"https:\/\/consshanghai.esteri.it\/it\/wp-json\/wp\/v2\/pages\/98","targetHints":{"allow":["GET"]}}],"collection":[{"href":"https:\/\/consshanghai.esteri.it\/it\/wp-json\/wp\/v2\/pages"}],"about":[{"href":"https:\/\/consshanghai.esteri.it\/it\/wp-json\/wp\/v2\/types\/page"}],"author":[{"embeddable":true,"href":"https:\/\/consshanghai.esteri.it\/it\/wp-json\/wp\/v2\/users\/3"}],"replies":[{"embeddable":true,"href":"https:\/\/consshanghai.esteri.it\/it\/wp-json\/wp\/v2\/comments?post=98"}],"version-history":[{"count":5,"href":"https:\/\/consshanghai.esteri.it\/it\/wp-json\/wp\/v2\/pages\/98\/revisions"}],"predecessor-version":[{"id":717,"href":"https:\/\/consshanghai.esteri.it\/it\/wp-json\/wp\/v2\/pages\/98\/revisions\/717"}],"up":[{"embeddable":true,"href":"https:\/\/consshanghai.esteri.it\/it\/wp-json\/wp\/v2\/pages\/14"}],"wp:attachment":[{"href":"https:\/\/consshanghai.esteri.it\/it\/wp-json\/wp\/v2\/media?parent=98"}],"curies":[{"name":"wp","href":"https:\/\/api.w.org\/{rel}","templated":true}]}}